{"id":43,"date":"2018-03-28T16:38:25","date_gmt":"2018-03-28T15:38:25","guid":{"rendered":"http:\/\/onderwijs.stadenesch.nl\/vervolging-en-vluchten\/?page_id=43"},"modified":"2018-04-01T21:06:14","modified_gmt":"2018-04-01T20:06:14","slug":"4-dubbelspel","status":"publish","type":"page","link":"https:\/\/onderwijs.stadenesch.nl\/vervolging-en-vluchten\/4-dubbelspel\/","title":{"rendered":"4-Dubbelspel"},"content":{"rendered":"<p>S\u00fcskind probeert SS Haupstumf\u00fchrer Aus der F\u00fcnten in te palmen en wil met drank en sigaren zijn vertrouwen winnen, zo kan hij hem straks om de tuin leiden. het begint hem aardig te lukken &#8230;<\/p>\n<p><strong><span style=\"color: #0000ff\">Bekijk onderstaand filmfragment en probeer antwoord te geven op de vragen.<\/span><\/strong><\/p>\n<ol>\n<li>Hoe bouwt S\u00fcskind een vertrouwensrelatie op met Aus der F\u00fcnten?<\/li>\n<li>Met welk doel bouwt hij deze relatie op?<\/li>\n<li>Blijkt voor jou uit de film dat Aus der F\u00fcnten volledig achter het Duitse beleid stond? Leg je antwoord uit.<\/li>\n<li>In werkelijkheid was Aus der F\u00fcnten meedogenloos. Noem twee punten waarin het beeld dat in de film van hem naar voren komt verschilt van de werkelijkheid.<\/li>\n<\/ol>\n<p><iframe loading=\"lazy\" title=\"04 Dubbelspel\" width=\"660\" height=\"371\" src=\"https:\/\/www.youtube.com\/embed\/CgFtpClbv5M?feature=oembed\" frameborder=\"0\" allow=\"accelerometer; autoplay; clipboard-write; encrypted-media; gyroscope; picture-in-picture; web-share\" referrerpolicy=\"strict-origin-when-cross-origin\" allowfullscreen><\/iframe><\/p>\n<p><span style=\"color: #ff0000\"><strong>Achtergrond<\/strong><\/span><\/p>\n<ol>\n<li>Na de Tweede Wereldoorlog werd Ferdinand Aus der F\u00fcnten als Duitse oorlogsmisdadiger uiteindelijk tot een levenslange gevangenisstraf veroordeeld. Hij zat in de koepelgevangenis van Breda met nog drie andere Duitse oorlogsmisdadigers. Wanneer ben je nu een oorlogsmisdadiger en waarom krijg je dan zo\u2019n zware straf, waarbij je zelfs ook nog ter dood kon worden veroordeeld?<\/li>\n<li>Op 27 januari 1989 werden de laatste twee Duitse oorlogsmisdadigers, waaronder Aus der F\u00fcnten, toch vrijgelaten uit de gevangenis. Vind jij het terecht dat een oorlogsmisdadiger ook weer vrijgelaten kan worden?<\/li>\n<\/ol>\n<p><span style=\"color: #ff00ff\"><strong>Actueel<\/strong><\/span><\/p>\n<ol>\n<li>Na de bevrijding zijn er ook 39 Nederlandse oorlogsmisdadigers opgepakt, die ter dood zijn veroordeeld en vervolgens doodgeschoten, onder wie drie vrouwen. Ze jaagden onder meer op Joden, die werden opgepakt, mishandeld en afgevoerd naar kampen in Westerbork, Amersfoort en Vught. E\u00e9n belangrijke Nederlandse oorlogsmisdadiger is nog niet opnieuw gearresteerd. Hij was in 1947 veroordeeld tot de doodstraf voor betrokkenheid bij 22 moorden tijdens de bezetting. Later werd die straf omgezet in een levenslange gevangenisstraf. In 1952 wist hij te vluchten naar Duitsland. Hij kreeg de Duitse nationaliteit en woont in Ingolstadt. De laatste jaren worden er toch mogelijkheden onderzocht om deze oorlogsmisdadiger zijn straf te laten uitzitten. Weet jij wie deze verschrikkelijke man is en wat hij allemaal heeft gedaan? Geef een 3-tal voorbeelden.<\/li>\n<li>Vind jij dat een oorlogsmisdadiger de doodstraf verdient, een levenslange\u00a0 gevangenisstraf of toch na bijvoorbeeld van z\u2019n straf weer vrij mag komen?<\/li>\n<li>Welke internationale middelen hebben we tegenwoordig om oorlogsmisdadigers te straffen? Noem er twee.<\/li>\n<\/ol>\n","protected":false},"excerpt":{"rendered":"<p>S\u00fcskind probeert SS Haupstumf\u00fchrer Aus der F\u00fcnten in te palmen en wil met drank en sigaren zijn vertrouwen winnen, zo kan hij hem straks om de tuin leiden. het begint hem aardig te lukken &#8230; Bekijk onderstaand filmfragment en probeer antwoord te geven op de vragen. Hoe bouwt S\u00fcskind een vertrouwensrelatie op met Aus der &hellip; <a href=\"https:\/\/onderwijs.stadenesch.nl\/vervolging-en-vluchten\/4-dubbelspel\/\" class=\"more-link\">Verder lezen <span class=\"screen-reader-text\">4-Dubbelspel<\/span><\/a><\/p>\n","protected":false},"author":3,"featured_media":0,"parent":0,"menu_order":0,"comment_status":"open","ping_status":"open","template":"","meta":{"footnotes":""},"class_list":["post-43","page","type-page","status-publish","hentry"],"_links":{"self":[{"href":"https:\/\/onderwijs.stadenesch.nl\/vervolging-en-vluchten\/wp-json\/wp\/v2\/pages\/43","targetHints":{"allow":["GET"]}}],"collection":[{"href":"https:\/\/onderwijs.stadenesch.nl\/vervolging-en-vluchten\/wp-json\/wp\/v2\/pages"}],"about":[{"href":"https:\/\/onderwijs.stadenesch.nl\/vervolging-en-vluchten\/wp-json\/wp\/v2\/types\/page"}],"author":[{"embeddable":true,"href":"https:\/\/onderwijs.stadenesch.nl\/vervolging-en-vluchten\/wp-json\/wp\/v2\/users\/3"}],"replies":[{"embeddable":true,"href":"https:\/\/onderwijs.stadenesch.nl\/vervolging-en-vluchten\/wp-json\/wp\/v2\/comments?post=43"}],"version-history":[{"count":9,"href":"https:\/\/onderwijs.stadenesch.nl\/vervolging-en-vluchten\/wp-json\/wp\/v2\/pages\/43\/revisions"}],"predecessor-version":[{"id":239,"href":"https:\/\/onderwijs.stadenesch.nl\/vervolging-en-vluchten\/wp-json\/wp\/v2\/pages\/43\/revisions\/239"}],"wp:attachment":[{"href":"https:\/\/onderwijs.stadenesch.nl\/vervolging-en-vluchten\/wp-json\/wp\/v2\/media?parent=43"}],"curies":[{"name":"wp","href":"https:\/\/api.w.org\/{rel}","templated":true}]}}