{"id":884,"date":"2021-03-18T19:30:38","date_gmt":"2021-03-18T18:30:38","guid":{"rendered":"http:\/\/onderwijs.stadenesch.nl\/filosofie\/?page_id=884"},"modified":"2021-04-02T15:57:59","modified_gmt":"2021-04-02T14:57:59","slug":"vrij-om-te-worden-wie-je-bent","status":"publish","type":"page","link":"https:\/\/onderwijs.stadenesch.nl\/filosofie\/vrij-om-te-worden-wie-je-bent\/","title":{"rendered":"Vrij om te worden wie je bent"},"content":{"rendered":"\n<p>Waar ben je geboren? In welke omgeving ben je opgegroeid? Wie zijn je vrienden en naar welke school ga je? De antwoorden op deze vragen zijn belangrijke aspecten van jouw leven. Maar welke rol spelen zij? Welke rol spelen zijn in jouw groeiproces? Bepaal jij wie je bent of heeft je omgeving daar invloed op?<\/p>\n\n\n\n<p>Door middel van verschillende filosofische idee\u00ebn gaan we zelf hier een mening over vormen.<\/p>\n\n\n\n<p>Zo stelt <a href=\"https:\/\/onderwijs.stadenesch.nl\/filosofie\/martin-heidegger\/\">Martin Heidegger <\/a>dat de omgeving waarin je ter wereld komt en opgroeit een belangrijke rol speelt in wat jou tot jou maakt. <\/p>\n\n\n\n<p><a href=\"https:\/\/onderwijs.stadenesch.nl\/filosofie\/jean-paul-sartre\/\">Jean-Paul Sartre<\/a> ligt juist de nadruk op de vrijheid die wij hebben nadat we eenmaal bestaan op de wereld. <\/p>\n\n\n\n<p><a href=\"https:\/\/onderwijs.stadenesch.nl\/filosofie\/simone-de-beauvoir\/\">Simone de Beauvoir<\/a> gaat hier dieper op en stelt dat er door onze cultuur onterecht grenzen wordt gezet aan de vrijheid die Sartre voor zich zag. <\/p>\n\n\n\n<p>Daar voegt Gloria Wekker aan toe dat de koloniale geschiedenis van Nederland een grotere rol speelt dan vaak wordt toegegeven. <\/p>\n\n\n\n<p>Uiteindelijk eindigen we met <a href=\"https:\/\/onderwijs.stadenesch.nl\/filosofie\/friedrich-nietzsche\/\">Friedrich Nietzsche<\/a> dat er maar \u00e9\u00e9n manier is om \u00e9cht vrij te zijn; het zijn van een \u00dcbermensch!<\/p>\n","protected":false},"excerpt":{"rendered":"<p>Waar ben je geboren? In welke omgeving ben je opgegroeid? Wie zijn je vrienden en naar welke school ga je? De antwoorden op deze vragen zijn belangrijke aspecten van jouw leven. Maar welke rol spelen zij? Welke rol spelen zijn in jouw groeiproces? Bepaal jij wie je bent of heeft je omgeving daar invloed op? &hellip; <a href=\"https:\/\/onderwijs.stadenesch.nl\/filosofie\/vrij-om-te-worden-wie-je-bent\/\" class=\"more-link\">Verder lezen <span class=\"screen-reader-text\">Vrij om te worden wie je bent<\/span><\/a><\/p>\n","protected":false},"author":7,"featured_media":0,"parent":0,"menu_order":0,"comment_status":"closed","ping_status":"closed","template":"","meta":{"footnotes":""},"class_list":["post-884","page","type-page","status-publish","hentry"],"_links":{"self":[{"href":"https:\/\/onderwijs.stadenesch.nl\/filosofie\/wp-json\/wp\/v2\/pages\/884","targetHints":{"allow":["GET"]}}],"collection":[{"href":"https:\/\/onderwijs.stadenesch.nl\/filosofie\/wp-json\/wp\/v2\/pages"}],"about":[{"href":"https:\/\/onderwijs.stadenesch.nl\/filosofie\/wp-json\/wp\/v2\/types\/page"}],"author":[{"embeddable":true,"href":"https:\/\/onderwijs.stadenesch.nl\/filosofie\/wp-json\/wp\/v2\/users\/7"}],"replies":[{"embeddable":true,"href":"https:\/\/onderwijs.stadenesch.nl\/filosofie\/wp-json\/wp\/v2\/comments?post=884"}],"version-history":[{"count":3,"href":"https:\/\/onderwijs.stadenesch.nl\/filosofie\/wp-json\/wp\/v2\/pages\/884\/revisions"}],"predecessor-version":[{"id":963,"href":"https:\/\/onderwijs.stadenesch.nl\/filosofie\/wp-json\/wp\/v2\/pages\/884\/revisions\/963"}],"wp:attachment":[{"href":"https:\/\/onderwijs.stadenesch.nl\/filosofie\/wp-json\/wp\/v2\/media?parent=884"}],"curies":[{"name":"wp","href":"https:\/\/api.w.org\/{rel}","templated":true}]}}