{"id":1172,"date":"2025-12-13T22:07:30","date_gmt":"2025-12-13T21:07:30","guid":{"rendered":"https:\/\/onderwijs.stadenesch.nl\/filosofie\/?page_id=1172"},"modified":"2025-12-13T22:09:54","modified_gmt":"2025-12-13T21:09:54","slug":"plato-allegorie-van-de-grot-en-de-ideeenwereld","status":"publish","type":"page","link":"https:\/\/onderwijs.stadenesch.nl\/filosofie\/plato-allegorie-van-de-grot-en-de-ideeenwereld\/","title":{"rendered":"Plato: allegorie van de grot en de Idee\u00ebnwereld"},"content":{"rendered":"\n<p>Plato is een van de bekendste filosofen uit de oudheid en zijn idee\u00ebn spelen een grote rol binnen de kennisleer. Twee van zijn bekendste idee\u00ebn gaan over de allegorie van de grot en zijn Idee\u00ebnwereld<\/p>\n\n\n\n<h2 class=\"wp-block-heading\">Idee\u00ebn, vormen en essenties<\/h2>\n\n\n\n<p>Plato merkte op dat dingen in de wereld allemaal van elkaar verschillen, maar toch iets gemeenschappelijks hebben. Hoe komt het dat we verschillende soorten honden, toch allemaal een hond noemen? Wat maakt een hond een hond? Dat noemde hij hondheid. Wat alle paarden gemeen hebben, oftwel de essentie van een paard, is hun paardheid. Deze \u2018vormen\u2019 of essenties noemde Plato <strong>&#8216;idee\u00ebn&#8217;<\/strong>. Zo bestaan er idee\u00ebn als het idee mens, het idee stokstaartje, maar ook abstracte idee\u00ebn zoals rechtvaardigheid. <\/p>\n\n\n\n<p>Deze idee\u00ebn zijn <strong>eeuwig en onveranderlijk<\/strong>. Ze bestaan niet in de waarneembare wereld, maar in de Idee\u00ebnwereld. De dingen die wij waarnemen zijn volgens Plato slechts slechte kopie\u00ebn van die perfecte idee\u00ebn. De essentie of kern van alles zit dus niet in het object zelf zoals wij het zien, maar <strong>transcendent<\/strong> (bovennatuurlijk), in de Idee\u00ebnwereld. Deze idee\u00ebn kunnen we alleen kennen door goed na te denken.<\/p>\n\n\n\n<h2 class=\"wp-block-heading\">De drie hoogste Idee\u00ebn<\/h2>\n\n\n\n<p>Boven alle andere idee\u00ebn staan volgens Plato drie belangrijkste idee\u00ebn:<\/p>\n\n\n\n<ul class=\"wp-block-list\">\n<li><strong>Het Ware<\/strong> \u2192 waarheid en kennis. Alles wat we in onze waarneembare wereld als &#8216;waar&#8217; beschouwen komt van het perfecte idee &#8216;het Ware&#8217;. <\/li>\n\n\n\n<li><strong>Het Schone<\/strong> \u2192 schoonheid en harmonie. Alles wat we in onze waarneembare wereld als &#8216;wonderschoon&#8217; of &#8216;mooi&#8217; beschouwen komt van het perfecte idee &#8216;het Schone&#8217;.<\/li>\n\n\n\n<li><strong>Het Goede<\/strong> \u2192 het hoogste idee, de bron van alle andere idee\u00ebn. Alles wat we in onze waarneembare wereld als &#8216;goed&#8217; beschouwen komt van het perfecte idee &#8216;het Goede&#8217;, en wakkert in bepaald opzicht ook het verlangen aan om daadwerkelijk het goede te doen.<\/li>\n<\/ul>\n\n\n\n<h2 class=\"wp-block-heading\">De grotvergelijking<\/h2>\n\n\n\n<p>Om zijn Idee\u00ebnwereld uit te leggen gebruikte Plato zijn beroemde grotvergelijking: <strong>de allegorie van de grot<\/strong>. Mensen zitten vastgeketend in een grot en zien alleen schaduwen op de muur. Die schaduwen staan voor onze waarneembare wereld. We denken dat dit de echte werkelijkheid is, maar volgens Plato zien we slechts een slechte kopie.<\/p>\n\n\n\n<p>Pas wanneer iemand loskomt, zich omdraait en uit de grot klimt, ziet hij het vuur, daarna de buitenwereld en uiteindelijk de zon. Dat staat voor het proces van nadenken en inzicht krijgen. De wereld buiten de grot is de Idee\u00ebnwereld: daar zit de waarheid en dus echte kennis. De grotvergelijking laat zien dat we via denken uit de grot moeten komen om tot ware kennis te komen.<\/p>\n\n\n\n<p>Voorbeeld: Stel je een perfecte cirkel voor. Die bestaat alleen in je hoofd. Elke cirkel die je tekent of laat uitprinten, is een beetje scheef of slordig. De echte, perfecte cirkel bestaat alleen als idee. Die cirkel is alleen maar denkbaar.<\/p>\n\n\n\n<h2 class=\"wp-block-heading\">Rationalisme &amp; Nativsime<\/h2>\n\n\n\n<p>Plato is een <strong>rationalist<\/strong> omdat hij vindt dat kennis ontstaat door het gebruik van de rede, niet door ervaring. Daarnaast is hij ook een <strong>nativist<\/strong>: kennis is volgens hem aangeboren. Onze ziel heeft de Idee\u00ebnwereld al gekend v\u00f3\u00f3r onze geboorte. Leren is daarom geen nieuwe kennis opdoen, maar het herinneren van wat onze ziel al wist.<\/p>\n\n\n\n<h2 class=\"wp-block-heading\">De filosoof!<\/h2>\n\n\n\n<p>Niet iedereen durft de grot te verlaten. Het kost moed om te twijfelen aan wat iedereen vanzelfsprekend vindt. De filosoof is degene die w\u00e9l nadenkt, de schaduwen loslaat en probeert het licht te zien. Filosofie is bij Plato dan ook de reis van schaduw naar licht: van mening naar kennis, van de zintuiglijke wereld naar de Idee\u00ebnwereld.<\/p>\n\n\n\n<p><em>Auteur: A. Bulder<\/em><\/p>\n","protected":false},"excerpt":{"rendered":"<p>Plato is een van de bekendste filosofen uit de oudheid en zijn idee\u00ebn spelen een grote rol binnen de kennisleer. Twee van zijn bekendste idee\u00ebn gaan over de allegorie van de grot en zijn Idee\u00ebnwereld Idee\u00ebn, vormen en essenties Plato merkte op dat dingen in de wereld allemaal van elkaar verschillen, maar toch iets gemeenschappelijks &hellip; <a href=\"https:\/\/onderwijs.stadenesch.nl\/filosofie\/plato-allegorie-van-de-grot-en-de-ideeenwereld\/\" class=\"more-link\">Verder lezen <span class=\"screen-reader-text\">Plato: allegorie van de grot en de Idee\u00ebnwereld<\/span><\/a><\/p>\n","protected":false},"author":7,"featured_media":0,"parent":0,"menu_order":0,"comment_status":"closed","ping_status":"closed","template":"","meta":{"footnotes":""},"class_list":["post-1172","page","type-page","status-publish","hentry"],"_links":{"self":[{"href":"https:\/\/onderwijs.stadenesch.nl\/filosofie\/wp-json\/wp\/v2\/pages\/1172","targetHints":{"allow":["GET"]}}],"collection":[{"href":"https:\/\/onderwijs.stadenesch.nl\/filosofie\/wp-json\/wp\/v2\/pages"}],"about":[{"href":"https:\/\/onderwijs.stadenesch.nl\/filosofie\/wp-json\/wp\/v2\/types\/page"}],"author":[{"embeddable":true,"href":"https:\/\/onderwijs.stadenesch.nl\/filosofie\/wp-json\/wp\/v2\/users\/7"}],"replies":[{"embeddable":true,"href":"https:\/\/onderwijs.stadenesch.nl\/filosofie\/wp-json\/wp\/v2\/comments?post=1172"}],"version-history":[{"count":3,"href":"https:\/\/onderwijs.stadenesch.nl\/filosofie\/wp-json\/wp\/v2\/pages\/1172\/revisions"}],"predecessor-version":[{"id":1178,"href":"https:\/\/onderwijs.stadenesch.nl\/filosofie\/wp-json\/wp\/v2\/pages\/1172\/revisions\/1178"}],"wp:attachment":[{"href":"https:\/\/onderwijs.stadenesch.nl\/filosofie\/wp-json\/wp\/v2\/media?parent=1172"}],"curies":[{"name":"wp","href":"https:\/\/api.w.org\/{rel}","templated":true}]}}